{"id":28,"date":"2014-06-02T14:24:36","date_gmt":"2014-06-02T11:24:36","guid":{"rendered":"http:\/\/www.bsmuretim.com\/?page_id=28"},"modified":"2024-10-17T13:15:15","modified_gmt":"2024-10-17T10:15:15","slug":"home","status":"publish","type":"page","link":"https:\/\/bsmuretim.com\/","title":{"rendered":"ANASAYFA"},"content":{"rendered":"\t\t<div data-elementor-type=\"wp-page\" data-elementor-id=\"28\" class=\"elementor elementor-28\">\n\t\t\t\t<div class=\"elementor-element elementor-element-9a7605a e-grid e-con-boxed e-con e-parent\" data-id=\"9a7605a\" data-element_type=\"container\">\n\t\t\t\t\t<div class=\"e-con-inner\">\n\t\t\t\t<div class=\"elementor-element elementor-element-7c200c0 elementor-position-top elementor-widget elementor-widget-image-box\" data-id=\"7c200c0\" data-element_type=\"widget\" data-widget_type=\"image-box.default\">\n\t\t\t\t<div class=\"elementor-widget-container\">\n\t\t\t<div class=\"elementor-image-box-wrapper\"><figure class=\"elementor-image-box-img\"><a href=\"https:\/\/bsmuretim.com\/index.php\/ozel-parca-imalati\/\" tabindex=\"-1\"><img fetchpriority=\"high\" width=\"300\" height=\"300\" src=\"https:\/\/bsmuretim.com\/wp-content\/uploads\/2024\/10\/ozel_parca-300x300.jpg\" class=\"attachment-medium size-medium wp-image-771\" alt=\"\" srcset=\"https:\/\/bsmuretim.com\/wp-content\/uploads\/2024\/10\/ozel_parca-300x300.jpg 300w, https:\/\/bsmuretim.com\/wp-content\/uploads\/2024\/10\/ozel_parca-150x150.jpg 150w, https:\/\/bsmuretim.com\/wp-content\/uploads\/2024\/10\/ozel_parca-75x75.jpg 75w, https:\/\/bsmuretim.com\/wp-content\/uploads\/2024\/10\/ozel_parca.jpg 600w\" sizes=\"(max-width: 300px) 100vw, 300px\" \/><\/a><\/figure><div class=\"elementor-image-box-content\"><h3 class=\"elementor-image-box-title\"><a href=\"https:\/\/bsmuretim.com\/index.php\/ozel-parca-imalati\/\">\u00d6zel Par\u00e7a \u0130malat\u0131<\/a><\/h3><p class=\"elementor-image-box-description\">Firmam\u0131z teknik resim ya da numune<br> \u00fczerinden bak\u0131r, pirin\u00e7, g\u00fcm\u00fc\u015f, y\u00fcksek.. <font color=\"red\"><b>&gt;<\/b><\/font><\/p><\/div><\/div>\t\t<\/div>\n\t\t\t\t<\/div>\n\t\t\t\t<div class=\"elementor-element elementor-element-8830369 elementor-position-top elementor-widget elementor-widget-image-box\" data-id=\"8830369\" data-element_type=\"widget\" data-widget_type=\"image-box.default\">\n\t\t\t\t<div class=\"elementor-widget-container\">\n\t\t\t<div class=\"elementor-image-box-wrapper\"><figure class=\"elementor-image-box-img\"><a href=\"https:\/\/bsmuretim.com\/index.php\/firca-komurler\/\" tabindex=\"-1\"><img width=\"300\" height=\"300\" src=\"https:\/\/bsmuretim.com\/wp-content\/uploads\/2024\/10\/komurfirca-300x300.jpg\" class=\"attachment-medium size-medium wp-image-784\" alt=\"\" srcset=\"https:\/\/bsmuretim.com\/wp-content\/uploads\/2024\/10\/komurfirca-300x300.jpg 300w, https:\/\/bsmuretim.com\/wp-content\/uploads\/2024\/10\/komurfirca-150x150.jpg 150w, https:\/\/bsmuretim.com\/wp-content\/uploads\/2024\/10\/komurfirca-75x75.jpg 75w, https:\/\/bsmuretim.com\/wp-content\/uploads\/2024\/10\/komurfirca.jpg 400w\" sizes=\"(max-width: 300px) 100vw, 300px\" \/><\/a><\/figure><div class=\"elementor-image-box-content\"><h3 class=\"elementor-image-box-title\"><a href=\"https:\/\/bsmuretim.com\/index.php\/firca-komurler\/\">F\u0131r\u00e7a K\u00f6m\u00fcrler<\/a><\/h3><p class=\"elementor-image-box-description\">F\u0131r\u00e7a k\u00f6m\u00fcrlerimiz, karbon, grafit ve pek<br> \u00e7ok metal ala\u015f\u0131ml\u0131 carbon \u00e7e\u015fitlerimiz.. <font color=\"red\"><b>&gt;<\/b><\/font><\/p><\/div><\/div>\t\t<\/div>\n\t\t\t\t<\/div>\n\t\t\t\t<div class=\"elementor-element elementor-element-62783f9 elementor-position-top elementor-widget elementor-widget-image-box\" data-id=\"62783f9\" data-element_type=\"widget\" data-widget_type=\"image-box.default\">\n\t\t\t\t<div class=\"elementor-widget-container\">\n\t\t\t<div class=\"elementor-image-box-wrapper\"><figure class=\"elementor-image-box-img\"><a href=\"https:\/\/bsmuretim.com\/index.php\/punto-kaynak-imali\/\" tabindex=\"-1\"><img width=\"300\" height=\"300\" src=\"https:\/\/bsmuretim.com\/wp-content\/uploads\/2024\/10\/puntokaynak-300x300.jpg\" class=\"attachment-medium size-medium wp-image-785\" alt=\"\" srcset=\"https:\/\/bsmuretim.com\/wp-content\/uploads\/2024\/10\/puntokaynak-300x300.jpg 300w, https:\/\/bsmuretim.com\/wp-content\/uploads\/2024\/10\/puntokaynak-150x150.jpg 150w, https:\/\/bsmuretim.com\/wp-content\/uploads\/2024\/10\/puntokaynak-75x75.jpg 75w, https:\/\/bsmuretim.com\/wp-content\/uploads\/2024\/10\/puntokaynak.jpg 600w\" sizes=\"(max-width: 300px) 100vw, 300px\" \/><\/a><\/figure><div class=\"elementor-image-box-content\"><h3 class=\"elementor-image-box-title\"><a href=\"https:\/\/bsmuretim.com\/index.php\/punto-kaynak-imali\/\">Punto Kaynak \u0130malat\u0131<\/a><\/h3><p class=\"elementor-image-box-description\">Firmam\u0131z Numune ya da teknik resme<br> uygun olarak herhangi bir marka ya da.. <font color=\"red\"><b>&gt;<\/b><\/font><\/p><\/div><\/div>\t\t<\/div>\n\t\t\t\t<\/div>\n\t\t\t\t\t<\/div>\n\t\t\t\t<\/div>\n\t\t<div class=\"elementor-element elementor-element-4503ceb e-grid e-con-boxed e-con e-parent\" data-id=\"4503ceb\" data-element_type=\"container\">\n\t\t\t\t\t<div class=\"e-con-inner\">\n\t\t\t\t<div class=\"elementor-element elementor-element-ac2a6a3 elementor-position-top elementor-widget elementor-widget-image-box\" data-id=\"ac2a6a3\" data-element_type=\"widget\" data-widget_type=\"image-box.default\">\n\t\t\t\t<div class=\"elementor-widget-container\">\n\t\t\t<div class=\"elementor-image-box-wrapper\"><figure class=\"elementor-image-box-img\"><a href=\"https:\/\/bsmuretim.com\/index.php\/kesici-bakimlari\/\" tabindex=\"-1\"><img loading=\"lazy\" width=\"300\" height=\"300\" src=\"https:\/\/bsmuretim.com\/wp-content\/uploads\/2024\/10\/kesicibakimi-300x300.jpg\" class=\"attachment-medium size-medium wp-image-1210\" alt=\"\" srcset=\"https:\/\/bsmuretim.com\/wp-content\/uploads\/2024\/10\/kesicibakimi-300x300.jpg 300w, https:\/\/bsmuretim.com\/wp-content\/uploads\/2024\/10\/kesicibakimi-150x150.jpg 150w, https:\/\/bsmuretim.com\/wp-content\/uploads\/2024\/10\/kesicibakimi-75x75.jpg 75w, https:\/\/bsmuretim.com\/wp-content\/uploads\/2024\/10\/kesicibakimi.jpg 600w\" sizes=\"(max-width: 300px) 100vw, 300px\" \/><\/a><\/figure><div class=\"elementor-image-box-content\"><h3 class=\"elementor-image-box-title\"><a href=\"https:\/\/bsmuretim.com\/index.php\/kesici-bakimlari\/\">Kesici Bak\u0131mlar\u0131<\/a><\/h3><p class=\"elementor-image-box-description\">Firmam\u0131z,  piyasada bulunan her<br> marka ve tipteki orta gerilim.. <font color=\"red\"><b>&gt;<\/b><\/font><\/p><\/div><\/div>\t\t<\/div>\n\t\t\t\t<\/div>\n\t\t\t\t<div class=\"elementor-element elementor-element-5da976d elementor-position-top elementor-widget elementor-widget-image-box\" data-id=\"5da976d\" data-element_type=\"widget\" data-widget_type=\"image-box.default\">\n\t\t\t\t<div class=\"elementor-widget-container\">\n\t\t\t<div class=\"elementor-image-box-wrapper\"><figure class=\"elementor-image-box-img\"><a href=\"https:\/\/bsmuretim.com\/index.php\/salter-bakimlari\/\" tabindex=\"-1\"><img loading=\"lazy\" width=\"300\" height=\"300\" src=\"https:\/\/bsmuretim.com\/wp-content\/uploads\/2024\/10\/salterbakimi-300x300.jpg\" class=\"attachment-medium size-medium wp-image-1211\" alt=\"\" srcset=\"https:\/\/bsmuretim.com\/wp-content\/uploads\/2024\/10\/salterbakimi-300x300.jpg 300w, https:\/\/bsmuretim.com\/wp-content\/uploads\/2024\/10\/salterbakimi-150x150.jpg 150w, https:\/\/bsmuretim.com\/wp-content\/uploads\/2024\/10\/salterbakimi-75x75.jpg 75w, https:\/\/bsmuretim.com\/wp-content\/uploads\/2024\/10\/salterbakimi.jpg 600w\" sizes=\"(max-width: 300px) 100vw, 300px\" \/><\/a><\/figure><div class=\"elementor-image-box-content\"><h3 class=\"elementor-image-box-title\"><a href=\"https:\/\/bsmuretim.com\/index.php\/salter-bakimlari\/\">\u015ealter Bak\u0131mlar\u0131<\/a><\/h3><p class=\"elementor-image-box-description\">Firmam\u0131z,  piyasada bulunan her<br> marka ve tipteki orta gerilim.. <font color=\"red\"><b>&gt;<\/b><\/font><\/p><\/div><\/div>\t\t<\/div>\n\t\t\t\t<\/div>\n\t\t\t\t<div class=\"elementor-element elementor-element-087aafc elementor-position-top elementor-widget elementor-widget-image-box\" data-id=\"087aafc\" data-element_type=\"widget\" data-widget_type=\"image-box.default\">\n\t\t\t\t<div class=\"elementor-widget-container\">\n\t\t\t<div class=\"elementor-image-box-wrapper\"><figure class=\"elementor-image-box-img\"><a href=\"https:\/\/bsmuretim.com\/index.php\/flexible-bara-orgulu\/\" tabindex=\"-1\"><img loading=\"lazy\" width=\"300\" height=\"300\" src=\"https:\/\/bsmuretim.com\/wp-content\/uploads\/2024\/10\/flexsibara-300x300.jpg\" class=\"attachment-medium size-medium wp-image-1159\" alt=\"\" srcset=\"https:\/\/bsmuretim.com\/wp-content\/uploads\/2024\/10\/flexsibara-300x300.jpg 300w, https:\/\/bsmuretim.com\/wp-content\/uploads\/2024\/10\/flexsibara-150x150.jpg 150w, https:\/\/bsmuretim.com\/wp-content\/uploads\/2024\/10\/flexsibara-75x75.jpg 75w, https:\/\/bsmuretim.com\/wp-content\/uploads\/2024\/10\/flexsibara.jpg 600w\" sizes=\"(max-width: 300px) 100vw, 300px\" \/><\/a><\/figure><div class=\"elementor-image-box-content\"><h3 class=\"elementor-image-box-title\"><a href=\"https:\/\/bsmuretim.com\/index.php\/flexible-bara-orgulu\/\">Flexible Baralar (\u00f6rg\u00fcl\u00fc)<\/a><\/h3><p class=\"elementor-image-box-description\">\u00c7e\u015fitli uygulamalar i\u00e7in standart<br> ve \u00e7al\u0131\u015fma \u015fekline g\u00f6re \u00f6zel.. <font color=\"red\"><b>&gt;<\/b><\/font><\/p><\/div><\/div>\t\t<\/div>\n\t\t\t\t<\/div>\n\t\t\t\t\t<\/div>\n\t\t\t\t<\/div>\n\t\t<div class=\"elementor-element elementor-element-09e304d e-grid e-con-boxed e-con e-parent\" data-id=\"09e304d\" data-element_type=\"container\">\n\t\t\t\t\t<div class=\"e-con-inner\">\n\t\t\t\t<div class=\"elementor-element elementor-element-fe7bacb elementor-position-top elementor-widget elementor-widget-image-box\" data-id=\"fe7bacb\" data-element_type=\"widget\" data-widget_type=\"image-box.default\">\n\t\t\t\t<div class=\"elementor-widget-container\">\n\t\t\t<div class=\"elementor-image-box-wrapper\"><figure class=\"elementor-image-box-img\"><a href=\"https:\/\/bsmuretim.com\/index.php\/yaprak-bakir-bara\/\" tabindex=\"-1\"><img loading=\"lazy\" width=\"300\" height=\"300\" src=\"https:\/\/bsmuretim.com\/wp-content\/uploads\/2024\/10\/yaprakbakirbara-300x300.jpg\" class=\"attachment-medium size-medium wp-image-1163\" alt=\"\" srcset=\"https:\/\/bsmuretim.com\/wp-content\/uploads\/2024\/10\/yaprakbakirbara-300x300.jpg 300w, https:\/\/bsmuretim.com\/wp-content\/uploads\/2024\/10\/yaprakbakirbara-150x150.jpg 150w, https:\/\/bsmuretim.com\/wp-content\/uploads\/2024\/10\/yaprakbakirbara-75x75.jpg 75w, https:\/\/bsmuretim.com\/wp-content\/uploads\/2024\/10\/yaprakbakirbara.jpg 600w\" sizes=\"(max-width: 300px) 100vw, 300px\" \/><\/a><\/figure><div class=\"elementor-image-box-content\"><h3 class=\"elementor-image-box-title\"><a href=\"https:\/\/bsmuretim.com\/index.php\/yaprak-bakir-bara\/\">Yaprak Bak\u0131r Baralar<\/a><\/h3><p class=\"elementor-image-box-description\">Firmam\u0131z,  Bu tip  baralar\u0131 m\u00fc\u015fterinin<br> iste\u011fine g\u00f6re, kullan\u0131m alanlar\u0131na.. <font color=\"red\"><b>&gt;<\/b><\/font><\/p><\/div><\/div>\t\t<\/div>\n\t\t\t\t<\/div>\n\t\t\t\t<div class=\"elementor-element elementor-element-20cccac elementor-position-top elementor-widget elementor-widget-image-box\" data-id=\"20cccac\" data-element_type=\"widget\" data-widget_type=\"image-box.default\">\n\t\t\t\t<div class=\"elementor-widget-container\">\n\t\t\t<div class=\"elementor-image-box-wrapper\"><figure class=\"elementor-image-box-img\"><a href=\"https:\/\/bsmuretim.com\/index.php\/akim-alma-arabalari\/\" tabindex=\"-1\"><img loading=\"lazy\" width=\"300\" height=\"300\" src=\"https:\/\/bsmuretim.com\/wp-content\/uploads\/2024\/10\/akim_alma_kablo_tasima-300x300.jpg\" class=\"attachment-medium size-medium wp-image-863\" alt=\"\" srcset=\"https:\/\/bsmuretim.com\/wp-content\/uploads\/2024\/10\/akim_alma_kablo_tasima-300x300.jpg 300w, https:\/\/bsmuretim.com\/wp-content\/uploads\/2024\/10\/akim_alma_kablo_tasima-150x150.jpg 150w, https:\/\/bsmuretim.com\/wp-content\/uploads\/2024\/10\/akim_alma_kablo_tasima-75x75.jpg 75w, https:\/\/bsmuretim.com\/wp-content\/uploads\/2024\/10\/akim_alma_kablo_tasima.jpg 600w\" sizes=\"(max-width: 300px) 100vw, 300px\" \/><\/a><\/figure><div class=\"elementor-image-box-content\"><h3 class=\"elementor-image-box-title\"><a href=\"https:\/\/bsmuretim.com\/index.php\/akim-alma-arabalari\/\">Ak\u0131m Alma Arabalar\u0131<\/a><\/h3><p class=\"elementor-image-box-description\">Firmam\u0131z gezer vin\u00e7lerde kullan\u0131lan<br> ak\u0131m alma arabalar\u0131n\u0131, kullan\u0131ld\u0131\u011f\u0131.. <font color=\"red\"><b>&gt;<\/b><\/font><\/p><\/div><\/div>\t\t<\/div>\n\t\t\t\t<\/div>\n\t\t\t\t<div class=\"elementor-element elementor-element-49ead6c elementor-position-top elementor-widget elementor-widget-image-box\" data-id=\"49ead6c\" data-element_type=\"widget\" data-widget_type=\"image-box.default\">\n\t\t\t\t<div class=\"elementor-widget-container\">\n\t\t\t<div class=\"elementor-image-box-wrapper\"><figure class=\"elementor-image-box-img\"><a href=\"https:\/\/bsmuretim.com\/index.php\/hava-sogutmali-kablolar\/\" tabindex=\"-1\"><img loading=\"lazy\" width=\"300\" height=\"300\" src=\"https:\/\/bsmuretim.com\/wp-content\/uploads\/2024\/10\/havasogutmalikablo-300x300.jpg\" class=\"attachment-medium size-medium wp-image-1184\" alt=\"\" srcset=\"https:\/\/bsmuretim.com\/wp-content\/uploads\/2024\/10\/havasogutmalikablo-300x300.jpg 300w, https:\/\/bsmuretim.com\/wp-content\/uploads\/2024\/10\/havasogutmalikablo-150x150.jpg 150w, https:\/\/bsmuretim.com\/wp-content\/uploads\/2024\/10\/havasogutmalikablo-75x75.jpg 75w, https:\/\/bsmuretim.com\/wp-content\/uploads\/2024\/10\/havasogutmalikablo.jpg 600w\" sizes=\"(max-width: 300px) 100vw, 300px\" \/><\/a><\/figure><div class=\"elementor-image-box-content\"><h3 class=\"elementor-image-box-title\"><a href=\"https:\/\/bsmuretim.com\/index.php\/hava-sogutmali-kablolar\/\">Hava So\u011futmal\u0131 Kablolar<\/a><\/h3><p class=\"elementor-image-box-description\">Firmam\u0131z m\u00fc\u015fterilerimizin istekleri<BR> do\u011frultusunda, farkl\u0131 kesitlerde ve.. <font color=\"red\"><b>&gt;<\/b><\/font><\/p><\/div><\/div>\t\t<\/div>\n\t\t\t\t<\/div>\n\t\t\t\t\t<\/div>\n\t\t\t\t<\/div>\n\t\t<div class=\"elementor-element elementor-element-7b1d91a e-grid e-con-boxed e-con e-parent\" data-id=\"7b1d91a\" data-element_type=\"container\">\n\t\t\t\t\t<div class=\"e-con-inner\">\n\t\t\t\t<div class=\"elementor-element elementor-element-5d78b66 elementor-position-top elementor-widget elementor-widget-image-box\" data-id=\"5d78b66\" data-element_type=\"widget\" data-widget_type=\"image-box.default\">\n\t\t\t\t<div class=\"elementor-widget-container\">\n\t\t\t<div class=\"elementor-image-box-wrapper\"><figure class=\"elementor-image-box-img\"><a href=\"https:\/\/bsmuretim.com\/index.php\/sekonder-kablolar-su-sogutmali\/\" tabindex=\"-1\"><img loading=\"lazy\" width=\"300\" height=\"300\" src=\"https:\/\/bsmuretim.com\/wp-content\/uploads\/2024\/10\/seconderkablo-300x300.jpg\" class=\"attachment-medium size-medium wp-image-1180\" alt=\"\" srcset=\"https:\/\/bsmuretim.com\/wp-content\/uploads\/2024\/10\/seconderkablo-300x300.jpg 300w, https:\/\/bsmuretim.com\/wp-content\/uploads\/2024\/10\/seconderkablo-150x150.jpg 150w, https:\/\/bsmuretim.com\/wp-content\/uploads\/2024\/10\/seconderkablo-75x75.jpg 75w, https:\/\/bsmuretim.com\/wp-content\/uploads\/2024\/10\/seconderkablo.jpg 600w\" sizes=\"(max-width: 300px) 100vw, 300px\" \/><\/a><\/figure><div class=\"elementor-image-box-content\"><h3 class=\"elementor-image-box-title\"><a href=\"https:\/\/bsmuretim.com\/index.php\/sekonder-kablolar-su-sogutmali\/\">Sekonder Kablolar<\/a><\/h3><p class=\"elementor-image-box-description\">Punto kaynak makinalar\u0131nda kullan\u0131lan<BR> ve elektrot ba\u015fl\u0131klar\u0131na ak\u0131m vererek.. <font color=\"red\"><b>&gt;<\/b><\/font><\/p><\/div><\/div>\t\t<\/div>\n\t\t\t\t<\/div>\n\t\t\t\t<div class=\"elementor-element elementor-element-232f635 elementor-position-top elementor-widget elementor-widget-image-box\" data-id=\"232f635\" data-element_type=\"widget\" data-widget_type=\"image-box.default\">\n\t\t\t\t<div class=\"elementor-widget-container\">\n\t\t\t<div class=\"elementor-image-box-wrapper\"><figure class=\"elementor-image-box-img\"><a href=\"https:\/\/bsmuretim.com\/index.php\/bakir-kontaklar\/\" tabindex=\"-1\"><img loading=\"lazy\" width=\"300\" height=\"300\" src=\"https:\/\/bsmuretim.com\/wp-content\/uploads\/2024\/10\/bakirkontaktamiri-300x300.jpg\" class=\"attachment-medium size-medium wp-image-1176\" alt=\"\" srcset=\"https:\/\/bsmuretim.com\/wp-content\/uploads\/2024\/10\/bakirkontaktamiri-300x300.jpg 300w, https:\/\/bsmuretim.com\/wp-content\/uploads\/2024\/10\/bakirkontaktamiri-150x150.jpg 150w, https:\/\/bsmuretim.com\/wp-content\/uploads\/2024\/10\/bakirkontaktamiri-75x75.jpg 75w, https:\/\/bsmuretim.com\/wp-content\/uploads\/2024\/10\/bakirkontaktamiri.jpg 600w\" sizes=\"(max-width: 300px) 100vw, 300px\" \/><\/a><\/figure><div class=\"elementor-image-box-content\"><h3 class=\"elementor-image-box-title\"><a href=\"https:\/\/bsmuretim.com\/index.php\/bakir-kontaklar\/\">Bak\u0131r Kontak Tamir ve \u0130malat\u0131<\/a><\/h3><p class=\"elementor-image-box-description\">Firmam\u0131z, fabrikan\u0131zda kullan\u0131lan eski<BR> ve yeni model t\u00fcm markalar\u0131n kontak.. <font color=\"red\"><b>&gt;<\/b><\/font><\/p><\/div><\/div>\t\t<\/div>\n\t\t\t\t<\/div>\n\t\t\t\t<div class=\"elementor-element elementor-element-42f6777 elementor-position-top elementor-widget elementor-widget-image-box\" data-id=\"42f6777\" data-element_type=\"widget\" data-widget_type=\"image-box.default\">\n\t\t\t\t<div class=\"elementor-widget-container\">\n\t\t\t<div class=\"elementor-image-box-wrapper\"><figure class=\"elementor-image-box-img\"><a href=\"https:\/\/bsmuretim.com\/index.php\/gumus-kontak-tamiri-ve-bakir-kontak-imalati\/\" tabindex=\"-1\"><img loading=\"lazy\" width=\"300\" height=\"300\" src=\"https:\/\/bsmuretim.com\/wp-content\/uploads\/2024\/10\/gumuskontaktamiri-300x300.jpg\" class=\"attachment-medium size-medium wp-image-1188\" alt=\"\" srcset=\"https:\/\/bsmuretim.com\/wp-content\/uploads\/2024\/10\/gumuskontaktamiri-300x300.jpg 300w, https:\/\/bsmuretim.com\/wp-content\/uploads\/2024\/10\/gumuskontaktamiri-150x150.jpg 150w, https:\/\/bsmuretim.com\/wp-content\/uploads\/2024\/10\/gumuskontaktamiri-75x75.jpg 75w, https:\/\/bsmuretim.com\/wp-content\/uploads\/2024\/10\/gumuskontaktamiri.jpg 600w\" sizes=\"(max-width: 300px) 100vw, 300px\" \/><\/a><\/figure><div class=\"elementor-image-box-content\"><h3 class=\"elementor-image-box-title\"><a href=\"https:\/\/bsmuretim.com\/index.php\/gumus-kontak-tamiri-ve-bakir-kontak-imalati\/\">G\u00fcm\u00fc\u015f Kontak Tamir ve \u0130malat\u0131<\/a><\/h3><p class=\"elementor-image-box-description\">Firmam\u0131z, yedek kontak tak\u0131mlar\u0131nda<BR> bulunan, hareketli ve sabit.. <font color=\"red\"><b>&gt;<\/b><\/font><\/p><\/div><\/div>\t\t<\/div>\n\t\t\t\t<\/div>\n\t\t\t\t\t<\/div>\n\t\t\t\t<\/div>\n\t\t<div class=\"elementor-element elementor-element-ebba582 e-grid e-con-boxed e-con e-parent\" data-id=\"ebba582\" data-element_type=\"container\">\n\t\t\t\t\t<div class=\"e-con-inner\">\n\t\t\t\t<div class=\"elementor-element elementor-element-b87a63b elementor-position-top elementor-widget elementor-widget-image-box\" data-id=\"b87a63b\" data-element_type=\"widget\" data-widget_type=\"image-box.default\">\n\t\t\t\t<div class=\"elementor-widget-container\">\n\t\t\t<div class=\"elementor-image-box-wrapper\"><figure class=\"elementor-image-box-img\"><a href=\"https:\/\/bsmuretim.com\/index.php\/firca-tutucular-komur-tutucu\/\" tabindex=\"-1\"><img loading=\"lazy\" width=\"300\" height=\"300\" src=\"https:\/\/bsmuretim.com\/wp-content\/uploads\/2024\/10\/fircatutucular-300x300.jpg\" class=\"attachment-medium size-medium wp-image-1192\" alt=\"\" srcset=\"https:\/\/bsmuretim.com\/wp-content\/uploads\/2024\/10\/fircatutucular-300x300.jpg 300w, https:\/\/bsmuretim.com\/wp-content\/uploads\/2024\/10\/fircatutucular-150x150.jpg 150w, https:\/\/bsmuretim.com\/wp-content\/uploads\/2024\/10\/fircatutucular-75x75.jpg 75w, https:\/\/bsmuretim.com\/wp-content\/uploads\/2024\/10\/fircatutucular.jpg 600w\" sizes=\"(max-width: 300px) 100vw, 300px\" \/><\/a><\/figure><div class=\"elementor-image-box-content\"><h3 class=\"elementor-image-box-title\"><a href=\"https:\/\/bsmuretim.com\/index.php\/firca-tutucular-komur-tutucu\/\">F\u0131r\u00e7a Tutucular<\/a><\/h3><p class=\"elementor-image-box-description\">Muhtelif tip ve model de, herhangi<BR> bir marka g\u00f6zetmeksizin, elektrik.. <font color=\"red\"><b>&gt;<\/b><\/font><\/p><\/div><\/div>\t\t<\/div>\n\t\t\t\t<\/div>\n\t\t\t\t<div class=\"elementor-element elementor-element-f17836b elementor-position-top elementor-widget elementor-widget-image-box\" data-id=\"f17836b\" data-element_type=\"widget\" data-widget_type=\"image-box.default\">\n\t\t\t\t<div class=\"elementor-widget-container\">\n\t\t\t<div class=\"elementor-image-box-wrapper\"><figure class=\"elementor-image-box-img\"><a href=\"https:\/\/bsmuretim.com\/index.php\/baski-yaylari-komur-tutucular\/\" tabindex=\"-1\"><img loading=\"lazy\" width=\"300\" height=\"300\" src=\"https:\/\/bsmuretim.com\/wp-content\/uploads\/2024\/10\/baskiyaylari-300x300.jpg\" class=\"attachment-medium size-medium wp-image-1196\" alt=\"\" srcset=\"https:\/\/bsmuretim.com\/wp-content\/uploads\/2024\/10\/baskiyaylari-300x300.jpg 300w, https:\/\/bsmuretim.com\/wp-content\/uploads\/2024\/10\/baskiyaylari-150x150.jpg 150w, https:\/\/bsmuretim.com\/wp-content\/uploads\/2024\/10\/baskiyaylari-75x75.jpg 75w, https:\/\/bsmuretim.com\/wp-content\/uploads\/2024\/10\/baskiyaylari.jpg 600w\" sizes=\"(max-width: 300px) 100vw, 300px\" \/><\/a><\/figure><div class=\"elementor-image-box-content\"><h3 class=\"elementor-image-box-title\"><a href=\"https:\/\/bsmuretim.com\/index.php\/baski-yaylari-komur-tutucular\/\">Bask\u0131 Yaylar\u0131 (k\u00f6m\u00fcr tutucular)<\/a><\/h3><p class=\"elementor-image-box-description\">Firmam\u0131zda k\u00f6m\u00fcr (f\u0131r\u00e7a)<BR> tutucular\u0131nda kullan\u0131lan, motor... <font color=\"red\"><b>&gt;<\/b><\/font color=\"red\"><\/p><\/div><\/div>\t\t<\/div>\n\t\t\t\t<\/div>\n\t\t\t\t<div class=\"elementor-element elementor-element-19ad2a0 elementor-position-top elementor-widget elementor-widget-image-box\" data-id=\"19ad2a0\" data-element_type=\"widget\" data-widget_type=\"image-box.default\">\n\t\t\t\t<div class=\"elementor-widget-container\">\n\t\t\t<div class=\"elementor-image-box-wrapper\"><figure class=\"elementor-image-box-img\"><a href=\"https:\/\/bsmuretim.com\/index.php\/kablo-cekme-coraplari\/\" tabindex=\"-1\"><img loading=\"lazy\" width=\"300\" height=\"300\" src=\"https:\/\/bsmuretim.com\/wp-content\/uploads\/2024\/10\/kablocekmecorap-300x300.jpg\" class=\"attachment-medium size-medium wp-image-1200\" alt=\"\" srcset=\"https:\/\/bsmuretim.com\/wp-content\/uploads\/2024\/10\/kablocekmecorap-300x300.jpg 300w, https:\/\/bsmuretim.com\/wp-content\/uploads\/2024\/10\/kablocekmecorap-150x150.jpg 150w, https:\/\/bsmuretim.com\/wp-content\/uploads\/2024\/10\/kablocekmecorap-75x75.jpg 75w, https:\/\/bsmuretim.com\/wp-content\/uploads\/2024\/10\/kablocekmecorap.jpg 600w\" sizes=\"(max-width: 300px) 100vw, 300px\" \/><\/a><\/figure><div class=\"elementor-image-box-content\"><h3 class=\"elementor-image-box-title\"><a href=\"https:\/\/bsmuretim.com\/index.php\/kablo-cekme-coraplari\/\">Kablo \u00c7ekme \u00c7oraplar\u0131<\/a><\/h3><p class=\"elementor-image-box-description\">Firmam\u0131zda numune ya da teknik<BR> resim do\u011frultusunda kablo... <font color=\"red\"><b>&gt;<\/b><\/font color=\"red\"><\/p><\/div><\/div>\t\t<\/div>\n\t\t\t\t<\/div>\n\t\t\t\t\t<\/div>\n\t\t\t\t<\/div>\n\t\t\t\t<\/div>\n\t\t","protected":false},"excerpt":{"rendered":"<p>\u00d6zel Par\u00e7a \u0130malat\u0131 Firmam\u0131z teknik resim ya da numune \u00fczerinden bak\u0131r, pirin\u00e7, g\u00fcm\u00fc\u015f, y\u00fcksek.. &gt; F\u0131r\u00e7a K\u00f6m\u00fcrler F\u0131r\u00e7a k\u00f6m\u00fcrlerimiz, karbon, grafit ve pek \u00e7ok metal ala\u015f\u0131ml\u0131 carbon \u00e7e\u015fitlerimiz.. &gt; Punto Kaynak \u0130malat\u0131 Firmam\u0131z Numune ya da teknik resme uygun olarak herhangi bir marka ya da.. &gt; Kesici Bak\u0131mlar\u0131 Firmam\u0131z, piyasada bulunan her marka ve tipteki orta gerilim.. &gt; \u015ealter Bak\u0131mlar\u0131 Firmam\u0131z, piyasada bulunan her marka ve tipteki orta gerilim.. &gt; Flexible Baralar (\u00f6rg\u00fcl\u00fc) \u00c7e\u015fitli uygulamalar i\u00e7in standart ve \u00e7al\u0131\u015fma \u015fekline g\u00f6re \u00f6zel.. &gt; Yaprak Bak\u0131r Baralar Firmam\u0131z, Bu tip baralar\u0131 m\u00fc\u015fterinin iste\u011fine g\u00f6re, kullan\u0131m alanlar\u0131na.. &gt; Ak\u0131m Alma Arabalar\u0131 Firmam\u0131z gezer vin\u00e7lerde kullan\u0131lan ak\u0131m alma arabalar\u0131n\u0131, kullan\u0131ld\u0131\u011f\u0131.. &gt; Hava So\u011futmal\u0131 Kablolar Firmam\u0131z m\u00fc\u015fterilerimizin istekleri do\u011frultusunda, farkl\u0131 kesitlerde ve.. &gt; Sekonder Kablolar Punto kaynak makinalar\u0131nda kullan\u0131lan ve elektrot ba\u015fl\u0131klar\u0131na ak\u0131m vererek.. &gt; Bak\u0131r Kontak Tamir ve \u0130malat\u0131 Firmam\u0131z, fabrikan\u0131zda kullan\u0131lan eski ve yeni model t\u00fcm markalar\u0131n kontak.. &gt; G\u00fcm\u00fc\u015f Kontak Tamir ve \u0130malat\u0131 Firmam\u0131z, yedek kontak tak\u0131mlar\u0131nda bulunan, hareketli ve sabit.. &gt; F\u0131r\u00e7a Tutucular Muhtelif tip ve model de, herhangi bir marka g\u00f6zetmeksizin, elektrik.. &gt; Bask\u0131 Yaylar\u0131 (k\u00f6m\u00fcr tutucular) Firmam\u0131zda k\u00f6m\u00fcr (f\u0131r\u00e7a) tutucular\u0131nda kullan\u0131lan, motor&#8230; &gt; Kablo \u00c7ekme \u00c7oraplar\u0131 Firmam\u0131zda numune ya da teknik resim do\u011frultusunda kablo&#8230; &gt;<\/p>\n","protected":false},"author":1,"featured_media":0,"parent":0,"menu_order":0,"comment_status":"closed","ping_status":"closed","template":"","meta":{"footnotes":""},"class_list":["post-28","page","type-page","status-publish","hentry"],"_links":{"self":[{"href":"https:\/\/bsmuretim.com\/index.php\/wp-json\/wp\/v2\/pages\/28"}],"collection":[{"href":"https:\/\/bsmuretim.com\/index.php\/wp-json\/wp\/v2\/pages"}],"about":[{"href":"https:\/\/bsmuretim.com\/index.php\/wp-json\/wp\/v2\/types\/page"}],"author":[{"embeddable":true,"href":"https:\/\/bsmuretim.com\/index.php\/wp-json\/wp\/v2\/users\/1"}],"replies":[{"embeddable":true,"href":"https:\/\/bsmuretim.com\/index.php\/wp-json\/wp\/v2\/comments?post=28"}],"version-history":[{"count":199,"href":"https:\/\/bsmuretim.com\/index.php\/wp-json\/wp\/v2\/pages\/28\/revisions"}],"predecessor-version":[{"id":1874,"href":"https:\/\/bsmuretim.com\/index.php\/wp-json\/wp\/v2\/pages\/28\/revisions\/1874"}],"wp:attachment":[{"href":"https:\/\/bsmuretim.com\/index.php\/wp-json\/wp\/v2\/media?parent=28"}],"curies":[{"name":"wp","href":"https:\/\/api.w.org\/{rel}","templated":true}]}}